{"id":10205,"date":"2019-02-05T13:29:22","date_gmt":"2019-02-05T12:29:22","guid":{"rendered":"https:\/\/egassbarcelona.com\/?post_type=product&#038;p=10205"},"modified":"2022-04-05T07:23:14","modified_gmt":"2022-04-05T05:23:14","slug":"alex-2","status":"publish","type":"product","link":"https:\/\/egassbarcelona.com\/ca\/producte\/alex-2\/","title":{"rendered":"ALEX"},"content":{"rendered":"<p>Polsera unisex. Moderna i diferent et donar\u00e0 una imatge segura.<br \/>\nPer mesurar el per\u00edmetre del canell, agafa una corda o un tros de cinta amb qu\u00e8 et puguis envoltar el canell.  Marca a la corda on s&#8217;ajunti per\u00f2 sense que t&#8217;estrenyi. Aquesta mateixa corda porta-la a una regla superposant-la i mesurant la longitud en cent\u00edmetres que t\u00e9 el per\u00edmetre del teu canell.<\/p>\n<p>Totes les nostres peces estan fetes una a una a m\u00e0, aix\u00ed que si necessites alguna talla que no trobes, si us plau escriu-nos i, si \u00e9s possible, te la farem encantades.<\/p>\n","protected":false},"excerpt":{"rendered":"<p>Polsera de pell amb doble volta i adherida a una pe\u00e7a de zamak banyada en plata o en or vell. Tanca d\u2019iman incorporadaa la mateixa pe\u00e7a.<br \/>\nFeta a m\u00e0.<br \/>\nTalles.  Mesura del canell:<br \/>\n XS: 14 cm |  S: 15 cm |  M: 16 cm |  L: 17 cm <\/p>\n<p>Disponible en marr\u00f3 o negre, bany color or vell o \u00a0plata \u00a0i en diferents talles.<\/p>\n","protected":false},"featured_media":23267,"comment_status":"closed","ping_status":"closed","template":"","meta":{"_seopress_robots_primary_cat":"150","_seopress_titles_title":"","_seopress_titles_desc":"","_seopress_robots_index":""},"product_brand":[],"product_cat":[510,150],"product_tag":[],"class_list":{"0":"post-10205","1":"product","2":"type-product","3":"status-publish","4":"has-post-thumbnail","6":"product_cat-novetats","7":"product_cat-polseres","8":"pa_bano-daurat","9":"pa_bano-platejat","10":"pa_color-camel-ca-2","11":"pa_color-marro-ca","12":"pa_color-negre-ca-2","13":"pa_color-vermell-burdeus-ca","14":"pa_talla-l-ca","15":"pa_talla-m-ca","16":"pa_talla-s-ca","18":"first","19":"instock","20":"taxable","21":"shipping-taxable","22":"purchasable","23":"product-type-variable","24":"has-default-attributes"},"_links":{"self":[{"href":"https:\/\/egassbarcelona.com\/ca\/wp-json\/wp\/v2\/product\/10205","targetHints":{"allow":["GET"]}}],"collection":[{"href":"https:\/\/egassbarcelona.com\/ca\/wp-json\/wp\/v2\/product"}],"about":[{"href":"https:\/\/egassbarcelona.com\/ca\/wp-json\/wp\/v2\/types\/product"}],"replies":[{"embeddable":true,"href":"https:\/\/egassbarcelona.com\/ca\/wp-json\/wp\/v2\/comments?post=10205"}],"wp:featuredmedia":[{"embeddable":true,"href":"https:\/\/egassbarcelona.com\/ca\/wp-json\/wp\/v2\/media\/23267"}],"wp:attachment":[{"href":"https:\/\/egassbarcelona.com\/ca\/wp-json\/wp\/v2\/media?parent=10205"}],"wp:term":[{"taxonomy":"product_brand","embeddable":true,"href":"https:\/\/egassbarcelona.com\/ca\/wp-json\/wp\/v2\/product_brand?post=10205"},{"taxonomy":"product_cat","embeddable":true,"href":"https:\/\/egassbarcelona.com\/ca\/wp-json\/wp\/v2\/product_cat?post=10205"},{"taxonomy":"product_tag","embeddable":true,"href":"https:\/\/egassbarcelona.com\/ca\/wp-json\/wp\/v2\/product_tag?post=10205"}],"curies":[{"name":"wp","href":"https:\/\/api.w.org\/{rel}","templated":true}]}}