{"id":13805,"date":"2021-07-01T02:37:36","date_gmt":"2021-07-01T00:37:36","guid":{"rendered":"https:\/\/egassbarcelona.com\/?page_id=13805"},"modified":"2024-05-10T17:50:08","modified_gmt":"2024-05-10T15:50:08","slug":"politica-de-cookies-ca","status":"publish","type":"page","link":"https:\/\/egassbarcelona.com\/ca\/politica-de-cookies-ca\/","title":{"rendered":"POLITICA DE COOKIES"},"content":{"rendered":"\t\t<div data-elementor-type=\"wp-page\" data-elementor-id=\"13805\" class=\"elementor elementor-13805 elementor-13804\" data-elementor-post-type=\"page\">\n\t\t\t\t\t\t<section class=\"wd-negative-gap elementor-section elementor-top-section elementor-element elementor-element-667e4f3 elementor-section-boxed elementor-section-height-default elementor-section-height-default\" data-id=\"667e4f3\" data-element_type=\"section\" data-e-type=\"section\">\n\t\t\t\t\t\t<div class=\"elementor-container elementor-column-gap-default\">\n\t\t\t\t\t<div class=\"elementor-column elementor-col-100 elementor-top-column elementor-element elementor-element-1678b0b\" data-id=\"1678b0b\" data-element_type=\"column\" data-e-type=\"column\">\n\t\t\t<div class=\"elementor-widget-wrap elementor-element-populated\">\n\t\t\t\t\t\t<div class=\"elementor-element elementor-element-c2ef3c9 color-scheme-inherit text-left elementor-widget elementor-widget-text-editor\" data-id=\"c2ef3c9\" data-element_type=\"widget\" data-e-type=\"widget\" data-widget_type=\"text-editor.default\">\n\t\t\t\t\t\t\t\t\t<h5>Qu\u00e8 s\u00f3n les cookies?<\/h5>\r\nAquesta Pol\u00edtica de Cookies explica qu\u00e8 s\u00f3n les galetes i com les utilitzem, els tipus de galetes que utilitzem, \u00e9s a dir, la informaci\u00f3 que recopilem utilitzant galetes i com s&#8217;utilitza aquesta informaci\u00f3, i com gestionar la configuraci\u00f3 de galetes.\r\n\r\nLes galetes s\u00f3n petits fitxers de text que s&#8217;utilitzen per emmagatzemar petites peces d&#8217;informaci\u00f3. S&#8217;emmagatzemen al dispositiu quan el lloc web es carrega al navegador. Aquestes cookies ens ajuden a fer que el lloc web funcioni correctament, que sigui m\u00e9s segur, a proporcionar una millor experi\u00e8ncia a l&#8217;usuari ia entendre com funciona el lloc web i analitzar qu\u00e8 funciona i en quins aspectes necessita millores.\t\t\t\t\t\t\t\t<\/div>\n\t\t\t\t<div class=\"elementor-element elementor-element-9d165c6 color-scheme-inherit text-left elementor-widget elementor-widget-text-editor\" data-id=\"9d165c6\" data-element_type=\"widget\" data-e-type=\"widget\" data-widget_type=\"text-editor.default\">\n\t\t\t\t\t\t\t\t\t<h5>Com utilitzem les cookies?<\/h5>\n<p>Com la majoria dels serveis en l\u00ednia, el nostre lloc web utilitza cookies pr\u00f2pies i de tercers per a diverses finalitats. Les cookies d&#8217;origen s\u00f3n majorit\u00e0riament necess\u00e0ries perqu\u00e8 el lloc web funcioni correctament i no recopilen cap dada personal identificable.<\/p>\n<p>Les galetes de tercers utilitzades al nostre lloc web serveixen principalment per comprendre com funciona el lloc web, com interactua amb ell, mantenir la seguretat dels nostres serveis, proporcionar anuncis que siguin rellevants per a vost\u00e8 i, en definitiva, oferir-li una millor experi\u00e8ncia d&#8217;usuari i ajudar a accelerar les seves futures interaccions amb el nostre lloc web.<\/p>\n\t\t\t\t\t\t\t\t<\/div>\n\t\t\t\t<div class=\"elementor-element elementor-element-9ae080d color-scheme-inherit text-left elementor-widget elementor-widget-text-editor\" data-id=\"9ae080d\" data-element_type=\"widget\" data-e-type=\"widget\" data-widget_type=\"text-editor.default\">\n\t\t\t\t\t\t\t\t\t<h5>Tipus de cookies que utilitzem<\/h5>\n<div class=\"cky-audit-table-element\"><\/div>\n\t\t\t\t\t\t\t\t<\/div>\n\t\t\t\t<div class=\"elementor-element elementor-element-ae6699a color-scheme-inherit text-left elementor-widget elementor-widget-text-editor\" data-id=\"ae6699a\" data-element_type=\"widget\" data-e-type=\"widget\" data-widget_type=\"text-editor.default\">\n\t\t\t\t\t\t\t\t\t<h5 style=\"margin-bottom: 20px;\">Gestionar les prefer\u00e8ncies de cookies<\/h5>\n<p>Podeu canviar les vostres prefer\u00e8ncies de cookies en qualsevol moment fent clic al bot\u00f3 anterior. Aix\u00f2 us permetr\u00e0 tornar a visitar el banner de consentiment de cookies i canviar les vostres prefer\u00e8ncies o retirar el vostre consentiment immediatament.<\/p>\n<p>A m\u00e9s, els diferents navegadors ofereixen diferents m\u00e8todes per bloquejar i eliminar les galetes utilitzades pels llocs web. Podeu canviar la configuraci\u00f3 del vostre navegador per bloquejar o eliminar les cookies. A continuaci\u00f3 figuren els enlla\u00e7os als documents de suport sobre com gestionar i eliminar les galetes dels principals navegadors web.<\/p>\n\t\t\t\t\t\t\t\t<\/div>\n\t\t\t\t<div class=\"elementor-element elementor-element-5c91e26 color-scheme-inherit text-left elementor-widget elementor-widget-text-editor\" data-id=\"5c91e26\" data-element_type=\"widget\" data-e-type=\"widget\" data-widget_type=\"text-editor.default\">\n\t\t\t\t\t\t\t\t\t<p>Chrome: <a href=\"https:\/\/support.google.com\/accounts\/answer\/32050\" target=\"_blank\" rel=\"noopener noreferrer\">https:\/\/support.google.com\/accounts\/answer\/32050<\/a><\/p>\n<p>Safari: <a href=\"https:\/\/support.apple.com\/en-in\/guide\/safari\/sfri11471\/mac\" target=\"_blank\" rel=\"noopener noreferrer\">https:\/\/support.apple.com\/en-in\/guide\/safari\/sfri11471\/mac<\/a><\/p>\n<p>Firefox: <a href=\"https:\/\/support.mozilla.org\/en-US\/kb\/clear-cookies-and-site-data-firefox?redirectslug=delete-cookies-remove-info-websites-stored&amp;redirectlocale=en-US\" target=\"_blank\" rel=\"noopener noreferrer\">https:\/\/support.mozilla.org\/en-US\/kb\/clear-cookies-and-site-data-firefox?redirectslug=delete-cookies-remove-info-websites-stored&amp;redirectlocale=en-US<\/a><\/p>\n<p>Internet Explorer: <a href=\"https:\/\/support.microsoft.com\/en-us\/topic\/how-to-delete-cookie-files-in-internet-explorer-bca9446f-d873-78de-77ba-d42645fa52fc\" target=\"_blank\" rel=\"noopener noreferrer\">https:\/\/support.microsoft.com\/en-us\/topic\/how-to-delete-cookie-files-in-internet-explorer-bca9446f-d873-78de-77ba-d42645fa52fc<\/a><\/p>\n<p>Si utilitzeu qualsevol altre navegador, consulteu la documentaci\u00f3 oficial del vostre navegador.<\/p>\n\t\t\t\t\t\t\t\t<\/div>\n\t\t\t\t\t<\/div>\n\t\t<\/div>\n\t\t\t\t\t<\/div>\n\t\t<\/section>\n\t\t\t\t<\/div>\n\t\t","protected":false},"excerpt":{"rendered":"<p>Qu\u00e8 s\u00f3n les cookies? Aquesta Pol\u00edtica de Cookies explica qu\u00e8 s\u00f3n les galetes i com les utilitzem, els tipus de<\/p>\n","protected":false},"author":14,"featured_media":12455,"parent":0,"menu_order":0,"comment_status":"closed","ping_status":"closed","template":"","meta":{"_seopress_robots_primary_cat":"0","_seopress_titles_title":"","_seopress_titles_desc":"","_seopress_robots_index":"","footnotes":""},"class_list":["post-13805","page","type-page","status-publish","has-post-thumbnail","hentry"],"_links":{"self":[{"href":"https:\/\/egassbarcelona.com\/ca\/wp-json\/wp\/v2\/pages\/13805","targetHints":{"allow":["GET"]}}],"collection":[{"href":"https:\/\/egassbarcelona.com\/ca\/wp-json\/wp\/v2\/pages"}],"about":[{"href":"https:\/\/egassbarcelona.com\/ca\/wp-json\/wp\/v2\/types\/page"}],"author":[{"embeddable":true,"href":"https:\/\/egassbarcelona.com\/ca\/wp-json\/wp\/v2\/users\/14"}],"replies":[{"embeddable":true,"href":"https:\/\/egassbarcelona.com\/ca\/wp-json\/wp\/v2\/comments?post=13805"}],"version-history":[{"count":0,"href":"https:\/\/egassbarcelona.com\/ca\/wp-json\/wp\/v2\/pages\/13805\/revisions"}],"wp:featuredmedia":[{"embeddable":true,"href":"https:\/\/egassbarcelona.com\/ca\/wp-json\/wp\/v2\/media\/12455"}],"wp:attachment":[{"href":"https:\/\/egassbarcelona.com\/ca\/wp-json\/wp\/v2\/media?parent=13805"}],"curies":[{"name":"wp","href":"https:\/\/api.w.org\/{rel}","templated":true}]}}