{"id":13781,"date":"2019-06-24T15:20:18","date_gmt":"2019-06-24T13:20:18","guid":{"rendered":"https:\/\/egassbarcelona.com\/egass\/"},"modified":"2025-10-29T11:19:55","modified_gmt":"2025-10-29T10:19:55","slug":"egass","status":"publish","type":"page","link":"https:\/\/egassbarcelona.com\/ca\/egass\/","title":{"rendered":"Equip"},"content":{"rendered":"\t\t<div data-elementor-type=\"wp-post\" data-elementor-id=\"13781\" class=\"elementor elementor-13781 elementor-13508\" data-elementor-post-type=\"page\">\n\t\t\t\t\t\t<section class=\"wd-negative-gap elementor-section elementor-top-section elementor-element elementor-element-e198514 elementor-section-full_width elementor-section-content-middle elementor-section-height-default elementor-section-height-default\" data-id=\"e198514\" data-element_type=\"section\" data-e-type=\"section\">\n\t\t\t\t\t\t<div class=\"elementor-container elementor-column-gap-default\">\n\t\t\t\t\t<div class=\"elementor-column elementor-col-33 elementor-top-column elementor-element elementor-element-62a897d\" data-id=\"62a897d\" data-element_type=\"column\" data-e-type=\"column\">\n\t\t\t<div class=\"elementor-widget-wrap\">\n\t\t\t\t\t\t\t<\/div>\n\t\t<\/div>\n\t\t\t\t<div class=\"elementor-column elementor-col-33 elementor-top-column elementor-element elementor-element-7daf862\" data-id=\"7daf862\" data-element_type=\"column\" data-e-type=\"column\">\n\t\t\t<div class=\"elementor-widget-wrap elementor-element-populated\">\n\t\t\t\t\t\t<div class=\"elementor-element elementor-element-aecd972 elementor-widget elementor-widget-image\" data-id=\"aecd972\" data-element_type=\"widget\" data-e-type=\"widget\" data-widget_type=\"image.default\">\n\t\t\t\t\t\t\t\t\t\t\t\t\t\t\t<img decoding=\"async\" class=\" wd-lazy-fade\" src=\"https:\/\/egassbarcelona.com\/wp-content\/themes\/woodmart\/images\/lazy.svg\" data-src=\"https:\/\/egassbarcelona.com\/wp-content\/uploads\/elementor\/thumbs\/egass-eugenia-ph9lxgxhn8m8p15qxal9cq8x3vnpufccceqzr8ldlg.jpg\" title=\"egass-eugenia\" alt=\"egass-eugenia\" loading=\"lazy\" \/>\t\t\t\t\t\t\t\t\t\t\t\t\t\t\t<\/div>\n\t\t\t\t<div class=\"elementor-element elementor-element-6db43be color-scheme-inherit text-left elementor-widget elementor-widget-text-editor\" data-id=\"6db43be\" data-element_type=\"widget\" data-e-type=\"widget\" data-widget_type=\"text-editor.default\">\n\t\t\t\t\t\t\t\t\t<p style=\"text-align: center;\"><strong>Eug\u00e8nia Gassull<\/strong>\n<b>Creadora i dissenyadora Egass<\/b>\n<a href=\"https:\/\/www.instagram.com\/egass.jewels\/\" target=\"_blank\" rel=\"noopener noreferrer\"><strong>@egassbarcelona<\/strong><\/a><\/p>\nTinc dues grans passions a la vida, la <b>m\u00fasica <\/b>i el   <b>disseny i creaci\u00f3 de joies.<\/b>\n\nA la meva <b>professi\u00f3<\/b> com a <b>pianista<\/b> he compartit concerts amb <b>cantants<\/b> i <b>instrumentistes<\/b> per tot <b>Espanya, It\u00e0lia, Su\u00efssa, Fran\u00e7a,<\/b> <b>Puerto Rico<\/b> i <b>Estats Units.<\/b>\n\nA la meva altra gran passi\u00f3, el <b>disseny especialment de joies,<\/b> he creat <b>Egass.<\/b>\n\nSempre, des de petita, m&#8217;ha agradat crear coses amb les mans, l&#8217; <b>harmonia<\/b> i la combinaci\u00f3 de colors, els <b>complements,<\/b> la <b>roba,<\/b> els <b>detalls<\/b> i, en definitiva, les coses boniques i amb <strong>ess\u00e8ncia<\/strong> <b>.<\/b> He <b>pintat<\/b> i he fet <b>cer\u00e0mica<\/b> per\u00f2 quan vaig descobrir el <b>disseny<\/b> i <b>l&#8217;elaboraci\u00f3<\/b> de <b>joies,<\/b> em vaig adonar que era el que havia estat buscant.\n\nLa meva professi\u00f3 d&#8217; <b>int\u00e8rpret<\/b> exigeix \u200b\u200bl&#8217;execuci\u00f3 de les <b>peces musicals<\/b> al moment i al lloc exactes del <b>concert.<\/b> En canvi, el <b>disseny<\/b> i <b>l&#8217;elaboraci\u00f3<\/b> de peces de joieria em permet una altra <b>llibertat.<\/b> En la creaci\u00f3 duna <b>pe\u00e7a,<\/b> el temps i el lloc es transformen. Aquesta <b>tranquil\u00b7litat<\/b> i <b>llibertat<\/b> m&#8217;evadeixen i m&#8217;aporten molt i tant l&#8217;una com l&#8217;altra intenten <b>proporcionar<\/b> i <b>transmetre felicitat<\/b> a les persones que el reben. \n\n<b>Egass<\/b> per mi \u00e9s un <b>projecte personal,<\/b> una <b>il\u00b7lusi\u00f3,<\/b> una realitzaci\u00f3 en un altre <b>camp art\u00edstic<\/b> i creatiu fora de la <b>m\u00fasica,<\/b> \u00e9s per aix\u00f2 que li dedico gran part del meu <b>temps.<\/b>\n\nGaudeixo compartint moments amb la meva <b>fam\u00edlia<\/b> i els meus <b>amics.<\/b> El <b>cinema,<\/b> la <b>lectura,<\/b> la <b>pr\u00e0ctica de ioga,<\/b> la <b>natura<\/b> i la bona <b>gastronomia<\/b> s\u00f3n importants a la meva vida.\n\nEl meu equip <b>Egass<\/b> m&#8217;encanta. M&#8217;encanta la <b>il\u00b7lusi\u00f3,<\/b> el <b>talent<\/b> i la <b>cura<\/b> que posen en tot all\u00f2 relacionat amb aquest projecte. \t\t\t\t\t\t\t\t<\/div>\n\t\t\t\t\t<\/div>\n\t\t<\/div>\n\t\t\t\t<div class=\"elementor-column elementor-col-33 elementor-top-column elementor-element elementor-element-8cc083e\" data-id=\"8cc083e\" data-element_type=\"column\" data-e-type=\"column\">\n\t\t\t<div class=\"elementor-widget-wrap\">\n\t\t\t\t\t\t\t<\/div>\n\t\t<\/div>\n\t\t\t\t\t<\/div>\n\t\t<\/section>\n\t\t\t\t<section class=\"wd-negative-gap elementor-section elementor-top-section elementor-element elementor-element-fa6948f elementor-section-full_width elementor-section-content-middle elementor-section-height-default elementor-section-height-default\" data-id=\"fa6948f\" data-element_type=\"section\" data-e-type=\"section\">\n\t\t\t\t\t\t<div class=\"elementor-container elementor-column-gap-default\">\n\t\t\t\t\t<div class=\"elementor-column elementor-col-33 elementor-top-column elementor-element elementor-element-db8edff\" data-id=\"db8edff\" data-element_type=\"column\" data-e-type=\"column\">\n\t\t\t<div class=\"elementor-widget-wrap\">\n\t\t\t\t\t\t\t<\/div>\n\t\t<\/div>\n\t\t\t\t<div class=\"elementor-column elementor-col-33 elementor-top-column elementor-element elementor-element-636e06d\" data-id=\"636e06d\" data-element_type=\"column\" data-e-type=\"column\">\n\t\t\t<div class=\"elementor-widget-wrap elementor-element-populated\">\n\t\t\t\t\t\t<div class=\"elementor-element elementor-element-3289fb5 elementor-widget elementor-widget-image\" data-id=\"3289fb5\" data-element_type=\"widget\" data-e-type=\"widget\" data-widget_type=\"image.default\">\n\t\t\t\t\t\t\t\t\t\t\t\t\t\t\t<img decoding=\"async\" class=\" wd-lazy-fade\" src=\"https:\/\/egassbarcelona.com\/wp-content\/themes\/woodmart\/images\/lazy.svg\" data-src=\"https:\/\/egassbarcelona.com\/wp-content\/uploads\/elementor\/thumbs\/IMG_2517-qf2ajgtw9b24cb8by9zrm6uxg4qmrrdckodwmewff8.jpg\" title=\"Clara Gassull\" alt=\"Clara Gassull\" loading=\"lazy\" \/>\t\t\t\t\t\t\t\t\t\t\t\t\t\t\t<\/div>\n\t\t\t\t<div class=\"elementor-element elementor-element-823c9da color-scheme-inherit text-left elementor-widget elementor-widget-text-editor\" data-id=\"823c9da\" data-element_type=\"widget\" data-e-type=\"widget\" data-widget_type=\"text-editor.default\">\n\t\t\t\t\t\t\t\t\t<p style=\"text-align: center;\"><strong>Clara Gassull<\/strong><br> <b>Fot\u00f2grafa de producte<\/b><br> <strong><a href=\"https:\/\/www.instagram.com\/claragassull\/\" target=\"_blank\" rel=\"noopener noreferrer\"><b>@claragassull<\/b><\/a><\/strong><\/p><p>Em dedico a la <strong>fotografia,<\/strong> a l&#8217; <strong>ensenyament a l&#8217;art i als<\/strong> meus <strong>projectes personals.<\/strong> M&#8217;apassiona <strong>caminar, observar<\/strong> i <strong>jugar,<\/strong> com quan de petits f\u00e8iem cabanes amb branques.<\/p><p>A <strong>Egass<\/strong> procuro mostrar el millor de cada <strong>pe\u00e7a<\/strong> a trav\u00e9s de la fotografia, partint de la <strong>delicadesa<\/strong> i l&#8217; <strong>eleg\u00e0ncia<\/strong> que les caracteritzen.<\/p><p>Treballar <strong>a Egass<\/strong> \u00e9s <strong>agradable<\/strong> i <strong>familiar.<\/strong><\/p>\t\t\t\t\t\t\t\t<\/div>\n\t\t\t\t\t<\/div>\n\t\t<\/div>\n\t\t\t\t<div class=\"elementor-column elementor-col-33 elementor-top-column elementor-element elementor-element-bce85a4\" data-id=\"bce85a4\" data-element_type=\"column\" data-e-type=\"column\">\n\t\t\t<div class=\"elementor-widget-wrap\">\n\t\t\t\t\t\t\t<\/div>\n\t\t<\/div>\n\t\t\t\t\t<\/div>\n\t\t<\/section>\n\t\t\t\t<section class=\"wd-negative-gap elementor-section elementor-top-section elementor-element elementor-element-b4e8aed elementor-section-full_width elementor-section-content-middle elementor-section-height-default elementor-section-height-default\" data-id=\"b4e8aed\" data-element_type=\"section\" data-e-type=\"section\">\n\t\t\t\t\t\t<div class=\"elementor-container elementor-column-gap-default\">\n\t\t\t\t\t<div class=\"elementor-column elementor-col-33 elementor-top-column elementor-element elementor-element-eea90ca\" data-id=\"eea90ca\" data-element_type=\"column\" data-e-type=\"column\">\n\t\t\t<div class=\"elementor-widget-wrap\">\n\t\t\t\t\t\t\t<\/div>\n\t\t<\/div>\n\t\t\t\t<div class=\"elementor-column elementor-col-33 elementor-top-column elementor-element elementor-element-b6eecf5\" data-id=\"b6eecf5\" data-element_type=\"column\" data-e-type=\"column\">\n\t\t\t<div class=\"elementor-widget-wrap elementor-element-populated\">\n\t\t\t\t\t\t<div class=\"elementor-element elementor-element-3dc3b47 elementor-widget elementor-widget-image\" data-id=\"3dc3b47\" data-element_type=\"widget\" data-e-type=\"widget\" data-widget_type=\"image.default\">\n\t\t\t\t\t\t\t\t\t\t\t\t\t\t\t<img decoding=\"async\" class=\" wd-lazy-fade\" src=\"https:\/\/egassbarcelona.com\/wp-content\/themes\/woodmart\/images\/lazy.svg\" data-src=\"https:\/\/egassbarcelona.com\/wp-content\/uploads\/elementor\/thumbs\/judit-pg8ohpzo5o8am8448nkg0ywz0e9lclgjkndcp6pwr8.jpg\" title=\"judit\" alt=\"judit\" loading=\"lazy\" \/>\t\t\t\t\t\t\t\t\t\t\t\t\t\t\t<\/div>\n\t\t\t\t<div class=\"elementor-element elementor-element-d4d5b0b color-scheme-inherit text-left elementor-widget elementor-widget-text-editor\" data-id=\"d4d5b0b\" data-element_type=\"widget\" data-e-type=\"widget\" data-widget_type=\"text-editor.default\">\n\t\t\t\t\t\t\t\t\t<p style=\"text-align: center;\"><b>Judit S\u00e1nchez<\/b><br> <b>Dissenyadora gr\u00e0fica de la identitat Egass<\/b><br> <a href=\"https:\/\/www.instagram.com\/juditnumeroalazar\/\" target=\"_blank\" rel=\"noopener noreferrer\"><strong>@juditnumeroalazar<\/strong><\/a><\/p><p>Em dedico, com <strong>a artista,<\/strong> i, despr\u00e9s, com <strong>a dissenyadora gr\u00e0fica<\/strong> i <strong>il\u00b7lustradora,<\/strong> a treballar en <strong>projectes<\/strong> que surten del <strong>cor,<\/strong> sentits, petits per\u00f2 immensos. <strong>Projectes personals<\/strong> i tamb\u00e9 per a aquelles persones amb qui comparteixo una <strong>sensibilitat.<\/strong> Aix\u00ed sempre aprenc de mi i dels altres. Aprendre a <strong>transmetre sentiments, il\u00b7lusions<\/strong> i maneres de <strong>viure la vida<\/strong> amb <strong>projectes<\/strong> que volem compartir i fer cr\u00e9ixer. <\/p><p>M&#8217;apassiona <strong>el mar, el mar, el mar.<\/strong> Aquesta \u00e9s la meva gran <strong>passi\u00f3.<\/strong> Ho necessito per <strong>crear,<\/strong> per <strong>viure<\/strong> i m&#8217;encanta con\u00e8ixer persones a qui els omple tant com a mi, independentment del motiu.<\/p><p>A <strong>Egass,<\/strong> tenint sempre en compte els valors de la marca per\u00f2 tamb\u00e9 aportant la meva visi\u00f3 al projecte, vaig utilitzar com a refer\u00e8ncia les <strong>peces individuals<\/strong> i la <strong>diversitat<\/strong> en els models que proposen per crear una <strong>identitat<\/strong> <strong>elegant<\/strong> i amb <strong>harmonia<\/strong> per\u00f2 contrastada, tal com s\u00f3n les <strong>peces<\/strong> d&#8217; <strong>Egass,<\/strong> fent \u00fas de <strong>dues tipografies<\/strong> molt diverses. Aix\u00ed s&#8217;aconsegueix un <g id=\"gid_9\">logotip<\/g> que representa <g id=\"gid_10\">Egass<\/g> a partir de les peces. Una <strong>delicadesa<\/strong> que es veu als seus <strong>productes finals.<\/strong>  <\/p><p>Per mi, <strong>Egass<\/strong> \u00e9s molt especial ja que quan encara estava fent la carrera <strong>van confiar<\/strong> en mi i em van incorporar al projecte. Egass tamb\u00e9 \u00e9s especial per la seva <strong>sensibilitat<\/strong> i perqu\u00e8, tot i que ha passat temps des de la creaci\u00f3 de la seva <strong>identitat,<\/strong> segueixo formant part del seu <strong>equip.<\/strong> \u00c9s un <strong>plaer.<\/strong> <\/p>\t\t\t\t\t\t\t\t<\/div>\n\t\t\t\t\t<\/div>\n\t\t<\/div>\n\t\t\t\t<div class=\"elementor-column elementor-col-33 elementor-top-column elementor-element elementor-element-b09cc0c\" data-id=\"b09cc0c\" data-element_type=\"column\" data-e-type=\"column\">\n\t\t\t<div class=\"elementor-widget-wrap\">\n\t\t\t\t\t\t\t<\/div>\n\t\t<\/div>\n\t\t\t\t\t<\/div>\n\t\t<\/section>\n\t\t\t\t<section class=\"wd-negative-gap elementor-section elementor-top-section elementor-element elementor-element-95676a8 elementor-section-full_width elementor-section-content-middle elementor-section-height-default elementor-section-height-default\" data-id=\"95676a8\" data-element_type=\"section\" data-e-type=\"section\">\n\t\t\t\t\t\t<div class=\"elementor-container elementor-column-gap-default\">\n\t\t\t\t\t<div class=\"elementor-column elementor-col-33 elementor-top-column elementor-element elementor-element-6353fc0\" data-id=\"6353fc0\" data-element_type=\"column\" data-e-type=\"column\">\n\t\t\t<div class=\"elementor-widget-wrap\">\n\t\t\t\t\t\t\t<\/div>\n\t\t<\/div>\n\t\t\t\t<div class=\"elementor-column elementor-col-33 elementor-top-column elementor-element elementor-element-91ee08f\" data-id=\"91ee08f\" data-element_type=\"column\" data-e-type=\"column\">\n\t\t\t<div class=\"elementor-widget-wrap elementor-element-populated\">\n\t\t\t\t\t\t<div class=\"elementor-element elementor-element-ed2bebd elementor-widget elementor-widget-image\" data-id=\"ed2bebd\" data-element_type=\"widget\" data-e-type=\"widget\" data-widget_type=\"image.default\">\n\t\t\t\t\t\t\t\t\t\t\t\t\t\t\t<img decoding=\"async\" class=\" wd-lazy-fade\" src=\"https:\/\/egassbarcelona.com\/wp-content\/themes\/woodmart\/images\/lazy.svg\" data-src=\"https:\/\/egassbarcelona.com\/wp-content\/uploads\/elementor\/thumbs\/MARC-CUXART-qfibh27d1r2er68k41r6l20g3m20jp7usmduh7m7tg.jpg\" title=\"MARC-CUXART\" alt=\"MARC-CUXART\" loading=\"lazy\" \/>\t\t\t\t\t\t\t\t\t\t\t\t\t\t\t<\/div>\n\t\t\t\t<div class=\"elementor-element elementor-element-b883d78 color-scheme-inherit text-left elementor-widget elementor-widget-text-editor\" data-id=\"b883d78\" data-element_type=\"widget\" data-e-type=\"widget\" data-widget_type=\"text-editor.default\">\n\t\t\t\t\t\t\t\t\t<p style=\"text-align: center;\"><b>Marc Cuxart<\/b><br> <b>Fotografia amb model<\/b><br> <a href=\"http:\/\/www.marccuxart.com\/\" target=\"_blank\" rel=\"noopener noreferrer\"><b>www.marccuxart.com<\/b><\/a><br> <strong><a href=\"https:\/\/www.instagram.com\/marc_cuxart\/\" target=\"_blank\" rel=\"noopener noreferrer\"><b>@marc_cuxart<\/b><\/a><\/strong><\/p><p>Des de molt aviat estic vinculat al m\u00f3n del cinema. Despr\u00e9s d&#8217;estudiar Imatge i So a Barcelona, \u200b\u200bem vaig interessar per la fotografia fins a descobrir a la cinematografia la manera m\u00e9s propera i genu\u00efna de poder ajudar a explicar hist\u00f2ries. M&#8217;agrada la pintura i \u00e9s a trav\u00e9s d&#8217;ella que m&#8217;inspiro, i tamb\u00e9 trobo a les llums que m&#8217;acompanyen en els moments del dia motius a investigar. El cinema m&#8217;ha anat portant per diferents parts del m\u00f3n on he tingut la sort de compartir experi\u00e8ncies i con\u00e8ixer altres persones que han contribu\u00eft a ajudar-me a prendre diferents visions. Penso que \u00e9s el que un viu, la gent amb qui et relaciones, les experi\u00e8ncies que sedimenten, el que et d\u00f3na el sentit per explicar hist\u00f2ries.    <\/p><p>Cada relat, objecte o persona a fotografiar et descobreix un petit m\u00f3n, on a trav\u00e9s d&#8217;un format, d&#8217;una llum i de les ombres em permet contribuir a descobrir un estat d&#8217;\u00e0nim, una situaci\u00f3, un clima que t&#8217;acosti al personatge, a la vida al que vol explicar.<\/p><p>Treballar amb Egass em porta a un proc\u00e9s de cerca per interpretar els dissenys de les peces a trav\u00e9s de la llum, de les formes i els volums, els colors i la manera com vesteixen la dona.<\/p><p>Dissenyar aquesta campanya de la m\u00e0 d&#8217;Eugenia i parlar de les seves joies a trav\u00e9s d&#8217;ella i de la seva imatge, m&#8217;ha perm\u00e8s explorar all\u00f2 femen\u00ed des d&#8217;all\u00f2 natural i genu\u00ed, rec\u00f3rrer als aut\u00e8ntics. Aix\u00ed com ho s\u00f3n els dissenys. <\/p>\t\t\t\t\t\t\t\t<\/div>\n\t\t\t\t\t<\/div>\n\t\t<\/div>\n\t\t\t\t<div class=\"elementor-column elementor-col-33 elementor-top-column elementor-element elementor-element-b844ade\" data-id=\"b844ade\" data-element_type=\"column\" data-e-type=\"column\">\n\t\t\t<div class=\"elementor-widget-wrap\">\n\t\t\t\t\t\t\t<\/div>\n\t\t<\/div>\n\t\t\t\t\t<\/div>\n\t\t<\/section>\n\t\t\t\t<section class=\"wd-negative-gap elementor-section elementor-top-section elementor-element elementor-element-bf3aa41 elementor-section-full_width elementor-section-content-middle elementor-section-height-default elementor-section-height-default\" data-id=\"bf3aa41\" data-element_type=\"section\" data-e-type=\"section\">\n\t\t\t\t\t\t<div class=\"elementor-container elementor-column-gap-default\">\n\t\t\t\t\t<div class=\"elementor-column elementor-col-33 elementor-top-column elementor-element elementor-element-2e617fa\" data-id=\"2e617fa\" data-element_type=\"column\" data-e-type=\"column\">\n\t\t\t<div class=\"elementor-widget-wrap\">\n\t\t\t\t\t\t\t<\/div>\n\t\t<\/div>\n\t\t\t\t<div class=\"elementor-column elementor-col-33 elementor-top-column elementor-element elementor-element-3928c18\" data-id=\"3928c18\" data-element_type=\"column\" data-e-type=\"column\">\n\t\t\t<div class=\"elementor-widget-wrap elementor-element-populated\">\n\t\t\t\t\t\t<div class=\"elementor-element elementor-element-4683678 elementor-widget elementor-widget-image\" data-id=\"4683678\" data-element_type=\"widget\" data-e-type=\"widget\" data-widget_type=\"image.default\">\n\t\t\t\t\t\t\t\t\t\t\t\t\t\t\t<img decoding=\"async\" class=\" wd-lazy-fade\" src=\"https:\/\/egassbarcelona.com\/wp-content\/themes\/woodmart\/images\/lazy.svg\" data-src=\"https:\/\/egassbarcelona.com\/wp-content\/uploads\/elementor\/thumbs\/marta-sellares-rc6973c8drdtr6tqkhy0if8w3yvm4la6lq60xctkb8.jpg\" title=\"marta-sellares\" alt=\"marta-sellares\" loading=\"lazy\" \/>\t\t\t\t\t\t\t\t\t\t\t\t\t\t\t<\/div>\n\t\t\t\t<div class=\"elementor-element elementor-element-f8a58b0 color-scheme-inherit text-left elementor-widget elementor-widget-text-editor\" data-id=\"f8a58b0\" data-element_type=\"widget\" data-e-type=\"widget\" data-widget_type=\"text-editor.default\">\n\t\t\t\t\t\t\t\t\t<p style=\"text-align: center;\"><b>Marta Sellar\u00e9s<\/b><br> <b>Fot\u00f2grafa de producte<\/b><br> <a href=\"https:\/\/www.instagram.com\/martasellares\/\" target=\"_blank\" rel=\"noopener noreferrer\"><b>@martasellares<\/b><\/a><\/p><p>S\u00f3c fot\u00f2grafa i docent, i els meus projectes personals es caracteritzen per l\u2019inter\u00e8s en els llocs i en com ens hi relacionem, posant una atenci\u00f3 especial a les petites coses.<\/p><p>Treballar a Egass em permet fixar l\u2019atenci\u00f3 en els detalls, els materials i les formes de cada pe\u00e7a, buscant captar-ne l\u2019ess\u00e8ncia en cada imatge.<\/p>\t\t\t\t\t\t\t\t<\/div>\n\t\t\t\t\t<\/div>\n\t\t<\/div>\n\t\t\t\t<div class=\"elementor-column elementor-col-33 elementor-top-column elementor-element elementor-element-35cacb3\" data-id=\"35cacb3\" data-element_type=\"column\" data-e-type=\"column\">\n\t\t\t<div class=\"elementor-widget-wrap\">\n\t\t\t\t\t\t\t<\/div>\n\t\t<\/div>\n\t\t\t\t\t<\/div>\n\t\t<\/section>\n\t\t\t\t<\/div>\n\t\t","protected":false},"excerpt":{"rendered":"<p>Eug\u00e8nia Gassull Creadora i dissenyadora Egass @egassbarcelona Tinc dues grans passions a la vida, la m\u00fasica i el disseny i<\/p>\n","protected":false},"author":2,"featured_media":0,"parent":0,"menu_order":0,"comment_status":"closed","ping_status":"closed","template":"","meta":{"_seopress_robots_primary_cat":"0","_seopress_titles_title":"","_seopress_titles_desc":"","_seopress_robots_index":"","footnotes":""},"class_list":["post-13781","page","type-page","status-publish","hentry"],"_links":{"self":[{"href":"https:\/\/egassbarcelona.com\/ca\/wp-json\/wp\/v2\/pages\/13781","targetHints":{"allow":["GET"]}}],"collection":[{"href":"https:\/\/egassbarcelona.com\/ca\/wp-json\/wp\/v2\/pages"}],"about":[{"href":"https:\/\/egassbarcelona.com\/ca\/wp-json\/wp\/v2\/types\/page"}],"author":[{"embeddable":true,"href":"https:\/\/egassbarcelona.com\/ca\/wp-json\/wp\/v2\/users\/2"}],"replies":[{"embeddable":true,"href":"https:\/\/egassbarcelona.com\/ca\/wp-json\/wp\/v2\/comments?post=13781"}],"version-history":[{"count":0,"href":"https:\/\/egassbarcelona.com\/ca\/wp-json\/wp\/v2\/pages\/13781\/revisions"}],"wp:attachment":[{"href":"https:\/\/egassbarcelona.com\/ca\/wp-json\/wp\/v2\/media?parent=13781"}],"curies":[{"name":"wp","href":"https:\/\/api.w.org\/{rel}","templated":true}]}}